{"id":397,"date":"2018-07-19T15:20:58","date_gmt":"2018-07-19T15:20:58","guid":{"rendered":"http:\/\/conciergedolomites.com\/?page_id=397"},"modified":"2018-07-21T10:02:31","modified_gmt":"2018-07-21T10:02:31","slug":"genussradeln-fur-familien","status":"publish","type":"page","link":"https:\/\/www.conciergedolomites.com\/de\/genussradeln-fur-familien\/","title":{"rendered":"GENUSSRADELN F\u00dcR FAMILIEN"},"content":{"rendered":"<div id=\"cs-content\" class=\"cs-content\"><\/div>\n","protected":false},"excerpt":{"rendered":"<p>ESCURSIONI FACILI PER FAMIGLIEBeim Genussradeln f\u00fcr Familien z\u00e4hlen nicht die Kilometer, sondern die sch\u00f6ne Erlebnisse\u2026In den T\u00e4lern S\u00fcdtirols gibt es viele sch\u00f6ne Radwege, die sich vor allem f\u00fcr Genussradfahrer, Familien und Anf\u00e4nger anbieten.Unser Angebot:Die Weinstrasse Nord Seite \u2013 30 km \u2013 Leicht \u2013 von Meran bis BozenKalterer Seen Tour \u2013 40 km \u2013 LeichtGef\u00fchrte Touren mit Team Base Camp DolomitesR\u00fcckkehr: &#8230;<\/p>\n","protected":false},"author":1,"featured_media":0,"parent":0,"menu_order":0,"comment_status":"closed","ping_status":"closed","template":"template-blank-4.php","meta":{"_mi_skip_tracking":false,"_monsterinsights_sitenote_active":false,"_monsterinsights_sitenote_note":"","_monsterinsights_sitenote_category":0},"yoast_head":"<!-- This site is optimized with the Yoast SEO plugin v20.11 - https:\/\/yoast.com\/wordpress\/plugins\/seo\/ -->\n<title>GENUSSRADELN F\u00dcR FAMILIEN - Concierge Dolomites<\/title>\n<meta name=\"robots\" content=\"index, follow, max-snippet:-1, max-image-preview:large, max-video-preview:-1\" \/>\n<link rel=\"canonical\" href=\"https:\/\/www.conciergedolomites.com\/de\/genussradeln-fur-familien\/\" \/>\n<meta property=\"og:locale\" content=\"de_DE\" \/>\n<meta property=\"og:type\" content=\"article\" \/>\n<meta property=\"og:title\" content=\"GENUSSRADELN F\u00dcR FAMILIEN - Concierge Dolomites\" \/>\n<meta property=\"og:description\" content=\"ESCURSIONI FACILI PER FAMIGLIEBeim Genussradeln f\u00fcr Familien z\u00e4hlen nicht die Kilometer, sondern die sch\u00f6ne Erlebnisse\u2026In den T\u00e4lern S\u00fcdtirols gibt es viele sch\u00f6ne Radwege, die sich vor allem f\u00fcr Genussradfahrer, Familien und Anf\u00e4nger anbieten.Unser Angebot:Die Weinstrasse Nord Seite \u2013 30 km \u2013 Leicht \u2013 von Meran bis BozenKalterer Seen Tour \u2013 40 km \u2013 LeichtGef\u00fchrte Touren mit Team Base Camp DolomitesR\u00fcckkehr: ...\" \/>\n<meta property=\"og:url\" content=\"https:\/\/www.conciergedolomites.com\/de\/genussradeln-fur-familien\/\" \/>\n<meta property=\"og:site_name\" content=\"Concierge Dolomites\" \/>\n<meta property=\"article:publisher\" content=\"https:\/\/www.facebook.com\/conciergedolomites\/\" \/>\n<meta property=\"article:modified_time\" content=\"2018-07-21T10:02:31+00:00\" \/>\n<meta name=\"twitter:card\" content=\"summary_large_image\" \/>\n<meta name=\"twitter:label1\" content=\"Gesch\u00e4tzte Lesezeit\" \/>\n\t<meta name=\"twitter:data1\" content=\"1\u00a0Minute\" \/>\n<script type=\"application\/ld+json\" class=\"yoast-schema-graph\">{\"@context\":\"https:\/\/schema.org\",\"@graph\":[{\"@type\":\"WebPage\",\"@id\":\"https:\/\/www.conciergedolomites.com\/de\/genussradeln-fur-familien\/\",\"url\":\"https:\/\/www.conciergedolomites.com\/de\/genussradeln-fur-familien\/\",\"name\":\"GENUSSRADELN F\u00dcR FAMILIEN - Concierge Dolomites\",\"isPartOf\":{\"@id\":\"https:\/\/www.conciergedolomites.com\/#website\"},\"datePublished\":\"2018-07-19T15:20:58+00:00\",\"dateModified\":\"2018-07-21T10:02:31+00:00\",\"breadcrumb\":{\"@id\":\"https:\/\/www.conciergedolomites.com\/de\/genussradeln-fur-familien\/#breadcrumb\"},\"inLanguage\":\"de\",\"potentialAction\":[{\"@type\":\"ReadAction\",\"target\":[\"https:\/\/www.conciergedolomites.com\/de\/genussradeln-fur-familien\/\"]}]},{\"@type\":\"BreadcrumbList\",\"@id\":\"https:\/\/www.conciergedolomites.com\/de\/genussradeln-fur-familien\/#breadcrumb\",\"itemListElement\":[{\"@type\":\"ListItem\",\"position\":1,\"name\":\"Home\",\"item\":\"https:\/\/www.conciergedolomites.com\/de\/\"},{\"@type\":\"ListItem\",\"position\":2,\"name\":\"GENUSSRADELN F\u00dcR FAMILIEN\"}]},{\"@type\":\"WebSite\",\"@id\":\"https:\/\/www.conciergedolomites.com\/#website\",\"url\":\"https:\/\/www.conciergedolomites.com\/\",\"name\":\"Concierge Dolomites\",\"description\":\"Noleggio con conducente e Tours delle Dolomiti\",\"potentialAction\":[{\"@type\":\"SearchAction\",\"target\":{\"@type\":\"EntryPoint\",\"urlTemplate\":\"https:\/\/www.conciergedolomites.com\/?s={search_term_string}\"},\"query-input\":\"required name=search_term_string\"}],\"inLanguage\":\"de\"}]}<\/script>\n<!-- \/ Yoast SEO plugin. -->","yoast_head_json":{"title":"GENUSSRADELN F\u00dcR FAMILIEN - Concierge Dolomites","robots":{"index":"index","follow":"follow","max-snippet":"max-snippet:-1","max-image-preview":"max-image-preview:large","max-video-preview":"max-video-preview:-1"},"canonical":"https:\/\/www.conciergedolomites.com\/de\/genussradeln-fur-familien\/","og_locale":"de_DE","og_type":"article","og_title":"GENUSSRADELN F\u00dcR FAMILIEN - Concierge Dolomites","og_description":"ESCURSIONI FACILI PER FAMIGLIEBeim Genussradeln f\u00fcr Familien z\u00e4hlen nicht die Kilometer, sondern die sch\u00f6ne Erlebnisse\u2026In den T\u00e4lern S\u00fcdtirols gibt es viele sch\u00f6ne Radwege, die sich vor allem f\u00fcr Genussradfahrer, Familien und Anf\u00e4nger anbieten.Unser Angebot:Die Weinstrasse Nord Seite \u2013 30 km \u2013 Leicht \u2013 von Meran bis BozenKalterer Seen Tour \u2013 40 km \u2013 LeichtGef\u00fchrte Touren mit Team Base Camp DolomitesR\u00fcckkehr: ...","og_url":"https:\/\/www.conciergedolomites.com\/de\/genussradeln-fur-familien\/","og_site_name":"Concierge Dolomites","article_publisher":"https:\/\/www.facebook.com\/conciergedolomites\/","article_modified_time":"2018-07-21T10:02:31+00:00","twitter_card":"summary_large_image","twitter_misc":{"Gesch\u00e4tzte Lesezeit":"1\u00a0Minute"},"schema":{"@context":"https:\/\/schema.org","@graph":[{"@type":"WebPage","@id":"https:\/\/www.conciergedolomites.com\/de\/genussradeln-fur-familien\/","url":"https:\/\/www.conciergedolomites.com\/de\/genussradeln-fur-familien\/","name":"GENUSSRADELN F\u00dcR FAMILIEN - Concierge Dolomites","isPartOf":{"@id":"https:\/\/www.conciergedolomites.com\/#website"},"datePublished":"2018-07-19T15:20:58+00:00","dateModified":"2018-07-21T10:02:31+00:00","breadcrumb":{"@id":"https:\/\/www.conciergedolomites.com\/de\/genussradeln-fur-familien\/#breadcrumb"},"inLanguage":"de","potentialAction":[{"@type":"ReadAction","target":["https:\/\/www.conciergedolomites.com\/de\/genussradeln-fur-familien\/"]}]},{"@type":"BreadcrumbList","@id":"https:\/\/www.conciergedolomites.com\/de\/genussradeln-fur-familien\/#breadcrumb","itemListElement":[{"@type":"ListItem","position":1,"name":"Home","item":"https:\/\/www.conciergedolomites.com\/de\/"},{"@type":"ListItem","position":2,"name":"GENUSSRADELN F\u00dcR FAMILIEN"}]},{"@type":"WebSite","@id":"https:\/\/www.conciergedolomites.com\/#website","url":"https:\/\/www.conciergedolomites.com\/","name":"Concierge Dolomites","description":"Noleggio con conducente e Tours delle Dolomiti","potentialAction":[{"@type":"SearchAction","target":{"@type":"EntryPoint","urlTemplate":"https:\/\/www.conciergedolomites.com\/?s={search_term_string}"},"query-input":"required name=search_term_string"}],"inLanguage":"de"}]}},"_links":{"self":[{"href":"https:\/\/www.conciergedolomites.com\/de\/wp-json\/wp\/v2\/pages\/397"}],"collection":[{"href":"https:\/\/www.conciergedolomites.com\/de\/wp-json\/wp\/v2\/pages"}],"about":[{"href":"https:\/\/www.conciergedolomites.com\/de\/wp-json\/wp\/v2\/types\/page"}],"author":[{"embeddable":true,"href":"https:\/\/www.conciergedolomites.com\/de\/wp-json\/wp\/v2\/users\/1"}],"replies":[{"embeddable":true,"href":"https:\/\/www.conciergedolomites.com\/de\/wp-json\/wp\/v2\/comments?post=397"}],"version-history":[{"count":3,"href":"https:\/\/www.conciergedolomites.com\/de\/wp-json\/wp\/v2\/pages\/397\/revisions"}],"predecessor-version":[{"id":427,"href":"https:\/\/www.conciergedolomites.com\/de\/wp-json\/wp\/v2\/pages\/397\/revisions\/427"}],"wp:attachment":[{"href":"https:\/\/www.conciergedolomites.com\/de\/wp-json\/wp\/v2\/media?parent=397"}],"curies":[{"name":"wp","href":"https:\/\/api.w.org\/{rel}","templated":true}]}}