{"id":390,"date":"2018-07-09T13:02:41","date_gmt":"2018-07-09T13:02:41","guid":{"rendered":"http:\/\/conciergedolomites.com\/?page_id=390"},"modified":"2019-07-16T17:46:03","modified_gmt":"2019-07-16T17:46:03","slug":"ausfluege","status":"publish","type":"page","link":"https:\/\/www.conciergedolomites.com\/de\/ausfluege\/","title":{"rendered":"tours"},"content":{"rendered":"<div id=\"cs-content\" class=\"cs-content\"><\/div>\n","protected":false},"excerpt":{"rendered":"<p>ALLE SOMMER WINTER DOLOMITEN WEIHNACHTSMARKT GOURMET Dolomiten ganztages tour Kleine Dolomiten Tour Brunico &#038; Bressanone 1\/2 giornata Weihnachtsm\u00e4rkte Innsbruck und Sterzing Dolomiten Sella Ronda Tour Weihnachtsm\u00e4rkte \u2013 Innsbruck und Brixen Weihnachtsm\u00e4rkte \u2013 Bruneck Brixen St. Ulrich in Gr\u00f6dnertal Alpen Advendt Sarntal und Klausen Weihnachtsm\u00e4rkte ganz in der N\u00e4he der Dolomiten Salzburg CONTACTSF\u00fcr weitere Informationen info@conciergedolomites.com+39 338 8791372<\/p>\n","protected":false},"author":1,"featured_media":0,"parent":0,"menu_order":0,"comment_status":"closed","ping_status":"closed","template":"template-blank-4.php","meta":{"_mi_skip_tracking":false,"_monsterinsights_sitenote_active":false,"_monsterinsights_sitenote_note":"","_monsterinsights_sitenote_category":0},"yoast_head":"<!-- This site is optimized with the Yoast SEO plugin v20.11 - https:\/\/yoast.com\/wordpress\/plugins\/seo\/ -->\n<title>tours - Concierge Dolomites<\/title>\n<meta name=\"robots\" content=\"index, follow, max-snippet:-1, max-image-preview:large, max-video-preview:-1\" \/>\n<link rel=\"canonical\" href=\"https:\/\/www.conciergedolomites.com\/de\/ausfluege\/\" \/>\n<meta property=\"og:locale\" content=\"de_DE\" \/>\n<meta property=\"og:type\" content=\"article\" \/>\n<meta property=\"og:title\" content=\"tours - Concierge Dolomites\" \/>\n<meta property=\"og:description\" content=\"ALLE SOMMER WINTER DOLOMITEN WEIHNACHTSMARKT GOURMET Dolomiten ganztages tour Kleine Dolomiten Tour Brunico &amp; Bressanone 1\/2 giornata Weihnachtsm\u00e4rkte Innsbruck und Sterzing Dolomiten Sella Ronda Tour Weihnachtsm\u00e4rkte \u2013 Innsbruck und Brixen Weihnachtsm\u00e4rkte \u2013 Bruneck Brixen St. Ulrich in Gr\u00f6dnertal Alpen Advendt Sarntal und Klausen Weihnachtsm\u00e4rkte ganz in der N\u00e4he der Dolomiten Salzburg CONTACTSF\u00fcr weitere Informationen info@conciergedolomites.com+39 338 8791372\" \/>\n<meta property=\"og:url\" content=\"https:\/\/www.conciergedolomites.com\/de\/ausfluege\/\" \/>\n<meta property=\"og:site_name\" content=\"Concierge Dolomites\" \/>\n<meta property=\"article:publisher\" content=\"https:\/\/www.facebook.com\/conciergedolomites\/\" \/>\n<meta property=\"article:modified_time\" content=\"2019-07-16T17:46:03+00:00\" \/>\n<meta name=\"twitter:card\" content=\"summary_large_image\" \/>\n<meta name=\"twitter:label1\" content=\"Gesch\u00e4tzte Lesezeit\" \/>\n\t<meta name=\"twitter:data1\" content=\"1\u00a0Minute\" \/>\n<script type=\"application\/ld+json\" class=\"yoast-schema-graph\">{\"@context\":\"https:\/\/schema.org\",\"@graph\":[{\"@type\":\"WebPage\",\"@id\":\"https:\/\/www.conciergedolomites.com\/de\/ausfluege\/\",\"url\":\"https:\/\/www.conciergedolomites.com\/de\/ausfluege\/\",\"name\":\"tours - Concierge Dolomites\",\"isPartOf\":{\"@id\":\"https:\/\/www.conciergedolomites.com\/#website\"},\"datePublished\":\"2018-07-09T13:02:41+00:00\",\"dateModified\":\"2019-07-16T17:46:03+00:00\",\"breadcrumb\":{\"@id\":\"https:\/\/www.conciergedolomites.com\/de\/ausfluege\/#breadcrumb\"},\"inLanguage\":\"de\",\"potentialAction\":[{\"@type\":\"ReadAction\",\"target\":[\"https:\/\/www.conciergedolomites.com\/de\/ausfluege\/\"]}]},{\"@type\":\"BreadcrumbList\",\"@id\":\"https:\/\/www.conciergedolomites.com\/de\/ausfluege\/#breadcrumb\",\"itemListElement\":[{\"@type\":\"ListItem\",\"position\":1,\"name\":\"Home\",\"item\":\"https:\/\/www.conciergedolomites.com\/de\/\"},{\"@type\":\"ListItem\",\"position\":2,\"name\":\"tours\"}]},{\"@type\":\"WebSite\",\"@id\":\"https:\/\/www.conciergedolomites.com\/#website\",\"url\":\"https:\/\/www.conciergedolomites.com\/\",\"name\":\"Concierge Dolomites\",\"description\":\"Noleggio con conducente e Tours delle Dolomiti\",\"potentialAction\":[{\"@type\":\"SearchAction\",\"target\":{\"@type\":\"EntryPoint\",\"urlTemplate\":\"https:\/\/www.conciergedolomites.com\/?s={search_term_string}\"},\"query-input\":\"required name=search_term_string\"}],\"inLanguage\":\"de\"}]}<\/script>\n<!-- \/ Yoast SEO plugin. -->","yoast_head_json":{"title":"tours - Concierge Dolomites","robots":{"index":"index","follow":"follow","max-snippet":"max-snippet:-1","max-image-preview":"max-image-preview:large","max-video-preview":"max-video-preview:-1"},"canonical":"https:\/\/www.conciergedolomites.com\/de\/ausfluege\/","og_locale":"de_DE","og_type":"article","og_title":"tours - Concierge Dolomites","og_description":"ALLE SOMMER WINTER DOLOMITEN WEIHNACHTSMARKT GOURMET Dolomiten ganztages tour Kleine Dolomiten Tour Brunico & Bressanone 1\/2 giornata Weihnachtsm\u00e4rkte Innsbruck und Sterzing Dolomiten Sella Ronda Tour Weihnachtsm\u00e4rkte \u2013 Innsbruck und Brixen Weihnachtsm\u00e4rkte \u2013 Bruneck Brixen St. Ulrich in Gr\u00f6dnertal Alpen Advendt Sarntal und Klausen Weihnachtsm\u00e4rkte ganz in der N\u00e4he der Dolomiten Salzburg CONTACTSF\u00fcr weitere Informationen info@conciergedolomites.com+39 338 8791372","og_url":"https:\/\/www.conciergedolomites.com\/de\/ausfluege\/","og_site_name":"Concierge Dolomites","article_publisher":"https:\/\/www.facebook.com\/conciergedolomites\/","article_modified_time":"2019-07-16T17:46:03+00:00","twitter_card":"summary_large_image","twitter_misc":{"Gesch\u00e4tzte Lesezeit":"1\u00a0Minute"},"schema":{"@context":"https:\/\/schema.org","@graph":[{"@type":"WebPage","@id":"https:\/\/www.conciergedolomites.com\/de\/ausfluege\/","url":"https:\/\/www.conciergedolomites.com\/de\/ausfluege\/","name":"tours - Concierge Dolomites","isPartOf":{"@id":"https:\/\/www.conciergedolomites.com\/#website"},"datePublished":"2018-07-09T13:02:41+00:00","dateModified":"2019-07-16T17:46:03+00:00","breadcrumb":{"@id":"https:\/\/www.conciergedolomites.com\/de\/ausfluege\/#breadcrumb"},"inLanguage":"de","potentialAction":[{"@type":"ReadAction","target":["https:\/\/www.conciergedolomites.com\/de\/ausfluege\/"]}]},{"@type":"BreadcrumbList","@id":"https:\/\/www.conciergedolomites.com\/de\/ausfluege\/#breadcrumb","itemListElement":[{"@type":"ListItem","position":1,"name":"Home","item":"https:\/\/www.conciergedolomites.com\/de\/"},{"@type":"ListItem","position":2,"name":"tours"}]},{"@type":"WebSite","@id":"https:\/\/www.conciergedolomites.com\/#website","url":"https:\/\/www.conciergedolomites.com\/","name":"Concierge Dolomites","description":"Noleggio con conducente e Tours delle Dolomiti","potentialAction":[{"@type":"SearchAction","target":{"@type":"EntryPoint","urlTemplate":"https:\/\/www.conciergedolomites.com\/?s={search_term_string}"},"query-input":"required name=search_term_string"}],"inLanguage":"de"}]}},"_links":{"self":[{"href":"https:\/\/www.conciergedolomites.com\/de\/wp-json\/wp\/v2\/pages\/390"}],"collection":[{"href":"https:\/\/www.conciergedolomites.com\/de\/wp-json\/wp\/v2\/pages"}],"about":[{"href":"https:\/\/www.conciergedolomites.com\/de\/wp-json\/wp\/v2\/types\/page"}],"author":[{"embeddable":true,"href":"https:\/\/www.conciergedolomites.com\/de\/wp-json\/wp\/v2\/users\/1"}],"replies":[{"embeddable":true,"href":"https:\/\/www.conciergedolomites.com\/de\/wp-json\/wp\/v2\/comments?post=390"}],"version-history":[{"count":5,"href":"https:\/\/www.conciergedolomites.com\/de\/wp-json\/wp\/v2\/pages\/390\/revisions"}],"predecessor-version":[{"id":633,"href":"https:\/\/www.conciergedolomites.com\/de\/wp-json\/wp\/v2\/pages\/390\/revisions\/633"}],"wp:attachment":[{"href":"https:\/\/www.conciergedolomites.com\/de\/wp-json\/wp\/v2\/media?parent=390"}],"curies":[{"name":"wp","href":"https:\/\/api.w.org\/{rel}","templated":true}]}}