{"id":386,"date":"2018-07-07T17:01:13","date_gmt":"2018-07-07T17:01:13","guid":{"rendered":"http:\/\/conciergedolomites.com\/?page_id=386"},"modified":"2018-07-21T10:15:15","modified_gmt":"2018-07-21T10:15:15","slug":"privacy-impressum","status":"publish","type":"page","link":"https:\/\/www.conciergedolomites.com\/de\/privacy-impressum\/","title":{"rendered":"Privacy &#038; Impressum"},"content":{"rendered":"<div id=\"cs-content\" class=\"cs-content\"><\/div>\n","protected":false},"excerpt":{"rendered":"<p>ImpressumWir stellen die Inhalte dieser Internetseiten mit gro\u00dfer Sorgfalt zusammen und sorgen f\u00fcr deren regelm\u00e4\u00dfige Aktualisierung. Die Angaben dienen dennoch nur der unverbindlichen allgemeinen Information. Die technischen Merkmale und Ausstattungen der beschriebenen Produkte sind lediglich Beispiele. Wir \u00fcbernehmen keine Gew\u00e4hr f\u00fcr die Aktualit\u00e4t, Richtigkeit und Vollst\u00e4ndigkeit der Informationen auf diesen Seiten oder den jederzeitigen st\u00f6rungsfreien Zugang. Wenn wir auf Internetseiten &#8230;<\/p>\n","protected":false},"author":1,"featured_media":0,"parent":0,"menu_order":0,"comment_status":"closed","ping_status":"closed","template":"template-blank-4.php","meta":{"_mi_skip_tracking":false,"_monsterinsights_sitenote_active":false,"_monsterinsights_sitenote_note":"","_monsterinsights_sitenote_category":0},"yoast_head":"<!-- This site is optimized with the Yoast SEO plugin v20.11 - https:\/\/yoast.com\/wordpress\/plugins\/seo\/ -->\n<title>Privacy &amp; Impressum - Concierge Dolomites<\/title>\n<meta name=\"robots\" content=\"index, follow, max-snippet:-1, max-image-preview:large, max-video-preview:-1\" \/>\n<link rel=\"canonical\" href=\"https:\/\/www.conciergedolomites.com\/de\/privacy-impressum\/\" \/>\n<meta property=\"og:locale\" content=\"de_DE\" \/>\n<meta property=\"og:type\" content=\"article\" \/>\n<meta property=\"og:title\" content=\"Privacy &amp; Impressum - Concierge Dolomites\" \/>\n<meta property=\"og:description\" content=\"ImpressumWir stellen die Inhalte dieser Internetseiten mit gro\u00dfer Sorgfalt zusammen und sorgen f\u00fcr deren regelm\u00e4\u00dfige Aktualisierung. Die Angaben dienen dennoch nur der unverbindlichen allgemeinen Information. Die technischen Merkmale und Ausstattungen der beschriebenen Produkte sind lediglich Beispiele. Wir \u00fcbernehmen keine Gew\u00e4hr f\u00fcr die Aktualit\u00e4t, Richtigkeit und Vollst\u00e4ndigkeit der Informationen auf diesen Seiten oder den jederzeitigen st\u00f6rungsfreien Zugang. Wenn wir auf Internetseiten ...\" \/>\n<meta property=\"og:url\" content=\"https:\/\/www.conciergedolomites.com\/de\/privacy-impressum\/\" \/>\n<meta property=\"og:site_name\" content=\"Concierge Dolomites\" \/>\n<meta property=\"article:publisher\" content=\"https:\/\/www.facebook.com\/conciergedolomites\/\" \/>\n<meta property=\"article:modified_time\" content=\"2018-07-21T10:15:15+00:00\" \/>\n<meta name=\"twitter:card\" content=\"summary_large_image\" \/>\n<meta name=\"twitter:label1\" content=\"Gesch\u00e4tzte Lesezeit\" \/>\n\t<meta name=\"twitter:data1\" content=\"1\u00a0Minute\" \/>\n<script type=\"application\/ld+json\" class=\"yoast-schema-graph\">{\"@context\":\"https:\/\/schema.org\",\"@graph\":[{\"@type\":\"WebPage\",\"@id\":\"https:\/\/www.conciergedolomites.com\/de\/privacy-impressum\/\",\"url\":\"https:\/\/www.conciergedolomites.com\/de\/privacy-impressum\/\",\"name\":\"Privacy & Impressum - Concierge Dolomites\",\"isPartOf\":{\"@id\":\"https:\/\/www.conciergedolomites.com\/#website\"},\"datePublished\":\"2018-07-07T17:01:13+00:00\",\"dateModified\":\"2018-07-21T10:15:15+00:00\",\"breadcrumb\":{\"@id\":\"https:\/\/www.conciergedolomites.com\/de\/privacy-impressum\/#breadcrumb\"},\"inLanguage\":\"de\",\"potentialAction\":[{\"@type\":\"ReadAction\",\"target\":[\"https:\/\/www.conciergedolomites.com\/de\/privacy-impressum\/\"]}]},{\"@type\":\"BreadcrumbList\",\"@id\":\"https:\/\/www.conciergedolomites.com\/de\/privacy-impressum\/#breadcrumb\",\"itemListElement\":[{\"@type\":\"ListItem\",\"position\":1,\"name\":\"Home\",\"item\":\"https:\/\/www.conciergedolomites.com\/de\/\"},{\"@type\":\"ListItem\",\"position\":2,\"name\":\"Privacy &#038; Impressum\"}]},{\"@type\":\"WebSite\",\"@id\":\"https:\/\/www.conciergedolomites.com\/#website\",\"url\":\"https:\/\/www.conciergedolomites.com\/\",\"name\":\"Concierge Dolomites\",\"description\":\"Noleggio con conducente e Tours delle Dolomiti\",\"potentialAction\":[{\"@type\":\"SearchAction\",\"target\":{\"@type\":\"EntryPoint\",\"urlTemplate\":\"https:\/\/www.conciergedolomites.com\/?s={search_term_string}\"},\"query-input\":\"required name=search_term_string\"}],\"inLanguage\":\"de\"}]}<\/script>\n<!-- \/ Yoast SEO plugin. -->","yoast_head_json":{"title":"Privacy & Impressum - Concierge Dolomites","robots":{"index":"index","follow":"follow","max-snippet":"max-snippet:-1","max-image-preview":"max-image-preview:large","max-video-preview":"max-video-preview:-1"},"canonical":"https:\/\/www.conciergedolomites.com\/de\/privacy-impressum\/","og_locale":"de_DE","og_type":"article","og_title":"Privacy & Impressum - Concierge Dolomites","og_description":"ImpressumWir stellen die Inhalte dieser Internetseiten mit gro\u00dfer Sorgfalt zusammen und sorgen f\u00fcr deren regelm\u00e4\u00dfige Aktualisierung. Die Angaben dienen dennoch nur der unverbindlichen allgemeinen Information. Die technischen Merkmale und Ausstattungen der beschriebenen Produkte sind lediglich Beispiele. Wir \u00fcbernehmen keine Gew\u00e4hr f\u00fcr die Aktualit\u00e4t, Richtigkeit und Vollst\u00e4ndigkeit der Informationen auf diesen Seiten oder den jederzeitigen st\u00f6rungsfreien Zugang. Wenn wir auf Internetseiten ...","og_url":"https:\/\/www.conciergedolomites.com\/de\/privacy-impressum\/","og_site_name":"Concierge Dolomites","article_publisher":"https:\/\/www.facebook.com\/conciergedolomites\/","article_modified_time":"2018-07-21T10:15:15+00:00","twitter_card":"summary_large_image","twitter_misc":{"Gesch\u00e4tzte Lesezeit":"1\u00a0Minute"},"schema":{"@context":"https:\/\/schema.org","@graph":[{"@type":"WebPage","@id":"https:\/\/www.conciergedolomites.com\/de\/privacy-impressum\/","url":"https:\/\/www.conciergedolomites.com\/de\/privacy-impressum\/","name":"Privacy & Impressum - Concierge Dolomites","isPartOf":{"@id":"https:\/\/www.conciergedolomites.com\/#website"},"datePublished":"2018-07-07T17:01:13+00:00","dateModified":"2018-07-21T10:15:15+00:00","breadcrumb":{"@id":"https:\/\/www.conciergedolomites.com\/de\/privacy-impressum\/#breadcrumb"},"inLanguage":"de","potentialAction":[{"@type":"ReadAction","target":["https:\/\/www.conciergedolomites.com\/de\/privacy-impressum\/"]}]},{"@type":"BreadcrumbList","@id":"https:\/\/www.conciergedolomites.com\/de\/privacy-impressum\/#breadcrumb","itemListElement":[{"@type":"ListItem","position":1,"name":"Home","item":"https:\/\/www.conciergedolomites.com\/de\/"},{"@type":"ListItem","position":2,"name":"Privacy &#038; Impressum"}]},{"@type":"WebSite","@id":"https:\/\/www.conciergedolomites.com\/#website","url":"https:\/\/www.conciergedolomites.com\/","name":"Concierge Dolomites","description":"Noleggio con conducente e Tours delle Dolomiti","potentialAction":[{"@type":"SearchAction","target":{"@type":"EntryPoint","urlTemplate":"https:\/\/www.conciergedolomites.com\/?s={search_term_string}"},"query-input":"required name=search_term_string"}],"inLanguage":"de"}]}},"_links":{"self":[{"href":"https:\/\/www.conciergedolomites.com\/de\/wp-json\/wp\/v2\/pages\/386"}],"collection":[{"href":"https:\/\/www.conciergedolomites.com\/de\/wp-json\/wp\/v2\/pages"}],"about":[{"href":"https:\/\/www.conciergedolomites.com\/de\/wp-json\/wp\/v2\/types\/page"}],"author":[{"embeddable":true,"href":"https:\/\/www.conciergedolomites.com\/de\/wp-json\/wp\/v2\/users\/1"}],"replies":[{"embeddable":true,"href":"https:\/\/www.conciergedolomites.com\/de\/wp-json\/wp\/v2\/comments?post=386"}],"version-history":[{"count":1,"href":"https:\/\/www.conciergedolomites.com\/de\/wp-json\/wp\/v2\/pages\/386\/revisions"}],"predecessor-version":[{"id":387,"href":"https:\/\/www.conciergedolomites.com\/de\/wp-json\/wp\/v2\/pages\/386\/revisions\/387"}],"wp:attachment":[{"href":"https:\/\/www.conciergedolomites.com\/de\/wp-json\/wp\/v2\/media?parent=386"}],"curies":[{"name":"wp","href":"https:\/\/api.w.org\/{rel}","templated":true}]}}