{"id":376,"date":"2018-07-07T16:34:46","date_gmt":"2018-07-07T16:34:46","guid":{"rendered":"http:\/\/conciergedolomites.com\/?page_id=376"},"modified":"2018-12-18T18:05:03","modified_gmt":"2018-12-18T18:05:03","slug":"drivers-and-cars","status":"publish","type":"page","link":"https:\/\/www.conciergedolomites.com\/de\/drivers-and-cars\/","title":{"rendered":"drivers and cars"},"content":{"rendered":"<div id=\"cs-content\" class=\"cs-content\"><\/div>\n","protected":false},"excerpt":{"rendered":"<p>EXCLUSIVE CARSUnsere Fahrer:Ihr Chauffeur, hoch qualifiziert, erfahren und professionell, kann Ihnen Sehensw\u00fcrdigkeiten entlang der Reiseroute, Einkehrm\u00f6glichkeiten f\u00fcr das Mittag- und Abendessen sowie Weinverkostungen direkt in der Kellerei empfehlen. Er steht Ihnen f\u00fcr jeden Wunsch zur Verf\u00fcgung.Business like: Er ist diskret und formell und geht auf das Kommunikationsbed\u00fcrfnis des Kunden ein. Alle Aufgaben werden effizient und vertrauensw\u00fcrdig ausgef\u00fchrt.Mit komfortablen Luxuswagen und &#8230;<\/p>\n","protected":false},"author":1,"featured_media":0,"parent":0,"menu_order":0,"comment_status":"closed","ping_status":"closed","template":"template-blank-4.php","meta":{"_mi_skip_tracking":false,"_monsterinsights_sitenote_active":false,"_monsterinsights_sitenote_note":"","_monsterinsights_sitenote_category":0},"yoast_head":"<!-- This site is optimized with the Yoast SEO plugin v20.11 - https:\/\/yoast.com\/wordpress\/plugins\/seo\/ -->\n<title>drivers and cars - Concierge Dolomites parco auto di lusso<\/title>\n<meta name=\"description\" content=\"Noleggio con conducente. Autisti professionali, puntuali e discreti e parco auto di lusso dotate di ogni comfort. Offriamo una totale disponibilit\u00e0 unita a competenza e passione per il nostro lavoro che ci permetter\u00e0 di soddisfare ogni richiesta dei nostri clienti.\" \/>\n<meta name=\"robots\" content=\"index, follow, max-snippet:-1, max-image-preview:large, max-video-preview:-1\" \/>\n<link rel=\"canonical\" href=\"https:\/\/www.conciergedolomites.com\/de\/drivers-and-cars\/\" \/>\n<meta property=\"og:locale\" content=\"de_DE\" \/>\n<meta property=\"og:type\" content=\"article\" \/>\n<meta property=\"og:title\" content=\"Noleggio con conducente\" \/>\n<meta property=\"og:description\" content=\"Noleggio con conducente. Autisti professionali, puntuali e discreti e parco auto di lusso dotate di ogni comfort. Offriamo una totale disponibilit\u00e0 unita a competenza e passione per il nostro lavoro che ci permetter\u00e0 di soddisfare ogni richiesta dei nostri clienti.\" \/>\n<meta property=\"og:url\" content=\"https:\/\/www.conciergedolomites.com\/de\/drivers-and-cars\/\" \/>\n<meta property=\"og:site_name\" content=\"Concierge Dolomites\" \/>\n<meta property=\"article:publisher\" content=\"https:\/\/www.facebook.com\/conciergedolomites\/\" \/>\n<meta property=\"article:modified_time\" content=\"2018-12-18T18:05:03+00:00\" \/>\n<meta name=\"twitter:card\" content=\"summary_large_image\" \/>\n<meta name=\"twitter:label1\" content=\"Gesch\u00e4tzte Lesezeit\" \/>\n\t<meta name=\"twitter:data1\" content=\"2\u00a0Minuten\" \/>\n<script type=\"application\/ld+json\" class=\"yoast-schema-graph\">{\"@context\":\"https:\/\/schema.org\",\"@graph\":[{\"@type\":\"WebPage\",\"@id\":\"https:\/\/www.conciergedolomites.com\/de\/drivers-and-cars\/\",\"url\":\"https:\/\/www.conciergedolomites.com\/de\/drivers-and-cars\/\",\"name\":\"drivers and cars - Concierge Dolomites parco auto di lusso\",\"isPartOf\":{\"@id\":\"https:\/\/www.conciergedolomites.com\/#website\"},\"datePublished\":\"2018-07-07T16:34:46+00:00\",\"dateModified\":\"2018-12-18T18:05:03+00:00\",\"description\":\"Noleggio con conducente. Autisti professionali, puntuali e discreti e parco auto di lusso dotate di ogni comfort. Offriamo una totale disponibilit\u00e0 unita a competenza e passione per il nostro lavoro che ci permetter\u00e0 di soddisfare ogni richiesta dei nostri clienti.\",\"breadcrumb\":{\"@id\":\"https:\/\/www.conciergedolomites.com\/de\/drivers-and-cars\/#breadcrumb\"},\"inLanguage\":\"de\",\"potentialAction\":[{\"@type\":\"ReadAction\",\"target\":[\"https:\/\/www.conciergedolomites.com\/de\/drivers-and-cars\/\"]}]},{\"@type\":\"BreadcrumbList\",\"@id\":\"https:\/\/www.conciergedolomites.com\/de\/drivers-and-cars\/#breadcrumb\",\"itemListElement\":[{\"@type\":\"ListItem\",\"position\":1,\"name\":\"Home\",\"item\":\"https:\/\/www.conciergedolomites.com\/de\/\"},{\"@type\":\"ListItem\",\"position\":2,\"name\":\"drivers and cars\"}]},{\"@type\":\"WebSite\",\"@id\":\"https:\/\/www.conciergedolomites.com\/#website\",\"url\":\"https:\/\/www.conciergedolomites.com\/\",\"name\":\"Concierge Dolomites\",\"description\":\"Noleggio con conducente e Tours delle Dolomiti\",\"potentialAction\":[{\"@type\":\"SearchAction\",\"target\":{\"@type\":\"EntryPoint\",\"urlTemplate\":\"https:\/\/www.conciergedolomites.com\/?s={search_term_string}\"},\"query-input\":\"required name=search_term_string\"}],\"inLanguage\":\"de\"}]}<\/script>\n<!-- \/ Yoast SEO plugin. -->","yoast_head_json":{"title":"drivers and cars - Concierge Dolomites parco auto di lusso","description":"Noleggio con conducente. Autisti professionali, puntuali e discreti e parco auto di lusso dotate di ogni comfort. Offriamo una totale disponibilit\u00e0 unita a competenza e passione per il nostro lavoro che ci permetter\u00e0 di soddisfare ogni richiesta dei nostri clienti.","robots":{"index":"index","follow":"follow","max-snippet":"max-snippet:-1","max-image-preview":"max-image-preview:large","max-video-preview":"max-video-preview:-1"},"canonical":"https:\/\/www.conciergedolomites.com\/de\/drivers-and-cars\/","og_locale":"de_DE","og_type":"article","og_title":"Noleggio con conducente","og_description":"Noleggio con conducente. Autisti professionali, puntuali e discreti e parco auto di lusso dotate di ogni comfort. Offriamo una totale disponibilit\u00e0 unita a competenza e passione per il nostro lavoro che ci permetter\u00e0 di soddisfare ogni richiesta dei nostri clienti.","og_url":"https:\/\/www.conciergedolomites.com\/de\/drivers-and-cars\/","og_site_name":"Concierge Dolomites","article_publisher":"https:\/\/www.facebook.com\/conciergedolomites\/","article_modified_time":"2018-12-18T18:05:03+00:00","twitter_card":"summary_large_image","twitter_misc":{"Gesch\u00e4tzte Lesezeit":"2\u00a0Minuten"},"schema":{"@context":"https:\/\/schema.org","@graph":[{"@type":"WebPage","@id":"https:\/\/www.conciergedolomites.com\/de\/drivers-and-cars\/","url":"https:\/\/www.conciergedolomites.com\/de\/drivers-and-cars\/","name":"drivers and cars - Concierge Dolomites parco auto di lusso","isPartOf":{"@id":"https:\/\/www.conciergedolomites.com\/#website"},"datePublished":"2018-07-07T16:34:46+00:00","dateModified":"2018-12-18T18:05:03+00:00","description":"Noleggio con conducente. Autisti professionali, puntuali e discreti e parco auto di lusso dotate di ogni comfort. Offriamo una totale disponibilit\u00e0 unita a competenza e passione per il nostro lavoro che ci permetter\u00e0 di soddisfare ogni richiesta dei nostri clienti.","breadcrumb":{"@id":"https:\/\/www.conciergedolomites.com\/de\/drivers-and-cars\/#breadcrumb"},"inLanguage":"de","potentialAction":[{"@type":"ReadAction","target":["https:\/\/www.conciergedolomites.com\/de\/drivers-and-cars\/"]}]},{"@type":"BreadcrumbList","@id":"https:\/\/www.conciergedolomites.com\/de\/drivers-and-cars\/#breadcrumb","itemListElement":[{"@type":"ListItem","position":1,"name":"Home","item":"https:\/\/www.conciergedolomites.com\/de\/"},{"@type":"ListItem","position":2,"name":"drivers and cars"}]},{"@type":"WebSite","@id":"https:\/\/www.conciergedolomites.com\/#website","url":"https:\/\/www.conciergedolomites.com\/","name":"Concierge Dolomites","description":"Noleggio con conducente e Tours delle Dolomiti","potentialAction":[{"@type":"SearchAction","target":{"@type":"EntryPoint","urlTemplate":"https:\/\/www.conciergedolomites.com\/?s={search_term_string}"},"query-input":"required name=search_term_string"}],"inLanguage":"de"}]}},"_links":{"self":[{"href":"https:\/\/www.conciergedolomites.com\/de\/wp-json\/wp\/v2\/pages\/376"}],"collection":[{"href":"https:\/\/www.conciergedolomites.com\/de\/wp-json\/wp\/v2\/pages"}],"about":[{"href":"https:\/\/www.conciergedolomites.com\/de\/wp-json\/wp\/v2\/types\/page"}],"author":[{"embeddable":true,"href":"https:\/\/www.conciergedolomites.com\/de\/wp-json\/wp\/v2\/users\/1"}],"replies":[{"embeddable":true,"href":"https:\/\/www.conciergedolomites.com\/de\/wp-json\/wp\/v2\/comments?post=376"}],"version-history":[{"count":2,"href":"https:\/\/www.conciergedolomites.com\/de\/wp-json\/wp\/v2\/pages\/376\/revisions"}],"predecessor-version":[{"id":477,"href":"https:\/\/www.conciergedolomites.com\/de\/wp-json\/wp\/v2\/pages\/376\/revisions\/477"}],"wp:attachment":[{"href":"https:\/\/www.conciergedolomites.com\/de\/wp-json\/wp\/v2\/media?parent=376"}],"curies":[{"name":"wp","href":"https:\/\/api.w.org\/{rel}","templated":true}]}}