{"id":373,"date":"2018-07-20T14:17:42","date_gmt":"2018-07-20T14:17:42","guid":{"rendered":"http:\/\/conciergedolomites.com\/?page_id=373"},"modified":"2018-07-20T14:17:42","modified_gmt":"2018-07-20T14:17:42","slug":"concierge-services","status":"publish","type":"page","link":"https:\/\/www.conciergedolomites.com\/de\/concierge-services\/","title":{"rendered":"concierge services"},"content":{"rendered":"<div id=\"cs-content\" class=\"cs-content\"><\/div>\n","protected":false},"excerpt":{"rendered":"<p>Als Ihre \u201epers\u00f6nlichen Assistenten\u201d organisieren wir Ihre Gesch\u00e4fts- oder Urlaubsreisen mit h\u00f6chster Professionalit\u00e4t und Diskretion und geben Ihnen die richtigen Tipps, um den Ort, den Sie ausgew\u00e4hlt haben, zu besuchen.Concierge: Sie geben Lokal- und Restauranttipps, die den Kundenanforderungen entsprechen, sie sind \u00fcber In-Gesch\u00e4fte, Auff\u00fchrungen und Events bestens informiert und k\u00f6nnen Informationen zu den bekanntesten Sehensw\u00fcrdigkeiten geben und planen\u00a0exklusive Touren.Personalisierter Service &#8230;<\/p>\n","protected":false},"author":1,"featured_media":0,"parent":0,"menu_order":0,"comment_status":"closed","ping_status":"closed","template":"template-blank-4.php","meta":{"_mi_skip_tracking":false,"_monsterinsights_sitenote_active":false,"_monsterinsights_sitenote_note":"","_monsterinsights_sitenote_category":0},"yoast_head":"<!-- This site is optimized with the Yoast SEO plugin v20.11 - https:\/\/yoast.com\/wordpress\/plugins\/seo\/ -->\n<title>concierge services - Concierge Dolomites<\/title>\n<meta name=\"description\" content=\"Concierge Dolomites offre un servizio di autista privato professionale, discreto e puntuale a disposizione 24h su 24 festivi compresi. Il servizio \u00e8 disponibile per qualsiasi tipo di destinazione e per aiutare il cliente ad organizzare ed ottimizzare la sua vacanza o il suo viaggio di lavoro al meglio!\" \/>\n<meta name=\"robots\" content=\"index, follow, max-snippet:-1, max-image-preview:large, max-video-preview:-1\" \/>\n<link rel=\"canonical\" href=\"https:\/\/www.conciergedolomites.com\/de\/concierge-services\/\" \/>\n<meta property=\"og:locale\" content=\"de_DE\" \/>\n<meta property=\"og:type\" content=\"article\" \/>\n<meta property=\"og:title\" content=\"Servizio Concierge\" \/>\n<meta property=\"og:description\" content=\"Concierge Dolomites offre un servizio di autista privato professionale, discreto e puntuale a disposizione 24h su 24 festivi compresi. Il servizio \u00e8 disponibile per qualsiasi tipo di destinazione e per aiutare il cliente ad organizzare ed ottimizzare la sua vacanza o il suo viaggio di lavoro al meglio!\" \/>\n<meta property=\"og:url\" content=\"https:\/\/www.conciergedolomites.com\/de\/concierge-services\/\" \/>\n<meta property=\"og:site_name\" content=\"Concierge Dolomites\" \/>\n<meta property=\"article:publisher\" content=\"https:\/\/www.facebook.com\/conciergedolomites\/\" \/>\n<meta name=\"twitter:card\" content=\"summary_large_image\" \/>\n<script type=\"application\/ld+json\" class=\"yoast-schema-graph\">{\"@context\":\"https:\/\/schema.org\",\"@graph\":[{\"@type\":\"WebPage\",\"@id\":\"https:\/\/www.conciergedolomites.com\/de\/concierge-services\/\",\"url\":\"https:\/\/www.conciergedolomites.com\/de\/concierge-services\/\",\"name\":\"concierge services - Concierge Dolomites\",\"isPartOf\":{\"@id\":\"https:\/\/www.conciergedolomites.com\/#website\"},\"datePublished\":\"2018-07-20T14:17:42+00:00\",\"dateModified\":\"2018-07-20T14:17:42+00:00\",\"description\":\"Concierge Dolomites offre un servizio di autista privato professionale, discreto e puntuale a disposizione 24h su 24 festivi compresi. Il servizio \u00e8 disponibile per qualsiasi tipo di destinazione e per aiutare il cliente ad organizzare ed ottimizzare la sua vacanza o il suo viaggio di lavoro al meglio!\",\"breadcrumb\":{\"@id\":\"https:\/\/www.conciergedolomites.com\/de\/concierge-services\/#breadcrumb\"},\"inLanguage\":\"de\",\"potentialAction\":[{\"@type\":\"ReadAction\",\"target\":[\"https:\/\/www.conciergedolomites.com\/de\/concierge-services\/\"]}]},{\"@type\":\"BreadcrumbList\",\"@id\":\"https:\/\/www.conciergedolomites.com\/de\/concierge-services\/#breadcrumb\",\"itemListElement\":[{\"@type\":\"ListItem\",\"position\":1,\"name\":\"Home\",\"item\":\"https:\/\/www.conciergedolomites.com\/de\/\"},{\"@type\":\"ListItem\",\"position\":2,\"name\":\"concierge services\"}]},{\"@type\":\"WebSite\",\"@id\":\"https:\/\/www.conciergedolomites.com\/#website\",\"url\":\"https:\/\/www.conciergedolomites.com\/\",\"name\":\"Concierge Dolomites\",\"description\":\"Noleggio con conducente e Tours delle Dolomiti\",\"potentialAction\":[{\"@type\":\"SearchAction\",\"target\":{\"@type\":\"EntryPoint\",\"urlTemplate\":\"https:\/\/www.conciergedolomites.com\/?s={search_term_string}\"},\"query-input\":\"required name=search_term_string\"}],\"inLanguage\":\"de\"}]}<\/script>\n<!-- \/ Yoast SEO plugin. -->","yoast_head_json":{"title":"concierge services - Concierge Dolomites","description":"Concierge Dolomites offre un servizio di autista privato professionale, discreto e puntuale a disposizione 24h su 24 festivi compresi. Il servizio \u00e8 disponibile per qualsiasi tipo di destinazione e per aiutare il cliente ad organizzare ed ottimizzare la sua vacanza o il suo viaggio di lavoro al meglio!","robots":{"index":"index","follow":"follow","max-snippet":"max-snippet:-1","max-image-preview":"max-image-preview:large","max-video-preview":"max-video-preview:-1"},"canonical":"https:\/\/www.conciergedolomites.com\/de\/concierge-services\/","og_locale":"de_DE","og_type":"article","og_title":"Servizio Concierge","og_description":"Concierge Dolomites offre un servizio di autista privato professionale, discreto e puntuale a disposizione 24h su 24 festivi compresi. Il servizio \u00e8 disponibile per qualsiasi tipo di destinazione e per aiutare il cliente ad organizzare ed ottimizzare la sua vacanza o il suo viaggio di lavoro al meglio!","og_url":"https:\/\/www.conciergedolomites.com\/de\/concierge-services\/","og_site_name":"Concierge Dolomites","article_publisher":"https:\/\/www.facebook.com\/conciergedolomites\/","twitter_card":"summary_large_image","schema":{"@context":"https:\/\/schema.org","@graph":[{"@type":"WebPage","@id":"https:\/\/www.conciergedolomites.com\/de\/concierge-services\/","url":"https:\/\/www.conciergedolomites.com\/de\/concierge-services\/","name":"concierge services - Concierge Dolomites","isPartOf":{"@id":"https:\/\/www.conciergedolomites.com\/#website"},"datePublished":"2018-07-20T14:17:42+00:00","dateModified":"2018-07-20T14:17:42+00:00","description":"Concierge Dolomites offre un servizio di autista privato professionale, discreto e puntuale a disposizione 24h su 24 festivi compresi. Il servizio \u00e8 disponibile per qualsiasi tipo di destinazione e per aiutare il cliente ad organizzare ed ottimizzare la sua vacanza o il suo viaggio di lavoro al meglio!","breadcrumb":{"@id":"https:\/\/www.conciergedolomites.com\/de\/concierge-services\/#breadcrumb"},"inLanguage":"de","potentialAction":[{"@type":"ReadAction","target":["https:\/\/www.conciergedolomites.com\/de\/concierge-services\/"]}]},{"@type":"BreadcrumbList","@id":"https:\/\/www.conciergedolomites.com\/de\/concierge-services\/#breadcrumb","itemListElement":[{"@type":"ListItem","position":1,"name":"Home","item":"https:\/\/www.conciergedolomites.com\/de\/"},{"@type":"ListItem","position":2,"name":"concierge services"}]},{"@type":"WebSite","@id":"https:\/\/www.conciergedolomites.com\/#website","url":"https:\/\/www.conciergedolomites.com\/","name":"Concierge Dolomites","description":"Noleggio con conducente e Tours delle Dolomiti","potentialAction":[{"@type":"SearchAction","target":{"@type":"EntryPoint","urlTemplate":"https:\/\/www.conciergedolomites.com\/?s={search_term_string}"},"query-input":"required name=search_term_string"}],"inLanguage":"de"}]}},"_links":{"self":[{"href":"https:\/\/www.conciergedolomites.com\/de\/wp-json\/wp\/v2\/pages\/373"}],"collection":[{"href":"https:\/\/www.conciergedolomites.com\/de\/wp-json\/wp\/v2\/pages"}],"about":[{"href":"https:\/\/www.conciergedolomites.com\/de\/wp-json\/wp\/v2\/types\/page"}],"author":[{"embeddable":true,"href":"https:\/\/www.conciergedolomites.com\/de\/wp-json\/wp\/v2\/users\/1"}],"replies":[{"embeddable":true,"href":"https:\/\/www.conciergedolomites.com\/de\/wp-json\/wp\/v2\/comments?post=373"}],"version-history":[{"count":1,"href":"https:\/\/www.conciergedolomites.com\/de\/wp-json\/wp\/v2\/pages\/373\/revisions"}],"predecessor-version":[{"id":374,"href":"https:\/\/www.conciergedolomites.com\/de\/wp-json\/wp\/v2\/pages\/373\/revisions\/374"}],"wp:attachment":[{"href":"https:\/\/www.conciergedolomites.com\/de\/wp-json\/wp\/v2\/media?parent=373"}],"curies":[{"name":"wp","href":"https:\/\/api.w.org\/{rel}","templated":true}]}}