{"id":371,"date":"2018-07-09T12:56:59","date_gmt":"2018-07-09T12:56:59","guid":{"rendered":"http:\/\/conciergedolomites.com\/?page_id=371"},"modified":"2018-12-12T19:21:53","modified_gmt":"2018-12-12T19:21:53","slug":"wer-wir-sind","status":"publish","type":"page","link":"https:\/\/www.conciergedolomites.com\/de\/wer-wir-sind\/","title":{"rendered":"wer wir sind"},"content":{"rendered":"<div id=\"cs-content\" class=\"cs-content\"><\/div>\n","protected":false},"excerpt":{"rendered":"<p>LUXURY VEHICLESPRIVATE DRIVERCUSTOM TOURSConcierge Dolomites bietet einen professionellen und privaten Chauffeurservice. Unsere Chauffeure sind hoch qualifiziert, zuverl\u00e4ssig, erfahren und kennen sehr gut die Gegend und die wichtigsten Touristenziele in Italien.Wir haben 12 Jahre in den folgenden Bereichen Erfahrung: Betreuung von Touristen, Empfang in Hotels, Welcome Meetings, Aush\u00e4ndigung von Fahrr\u00e4dern, technische Assistenz f\u00fcr Tour Operators.\u00a0Seit 2010 k\u00fcmmern wir uns auch um &#8230;<\/p>\n","protected":false},"author":1,"featured_media":0,"parent":0,"menu_order":0,"comment_status":"closed","ping_status":"closed","template":"template-blank-4.php","meta":{"_mi_skip_tracking":false,"_monsterinsights_sitenote_active":false,"_monsterinsights_sitenote_note":"","_monsterinsights_sitenote_category":0},"yoast_head":"<!-- This site is optimized with the Yoast SEO plugin v20.11 - https:\/\/yoast.com\/wordpress\/plugins\/seo\/ -->\n<title>wer wir sind - Concierge Dolomites<\/title>\n<meta name=\"robots\" content=\"index, follow, max-snippet:-1, max-image-preview:large, max-video-preview:-1\" \/>\n<link rel=\"canonical\" href=\"https:\/\/www.conciergedolomites.com\/de\/wer-wir-sind\/\" \/>\n<meta property=\"og:locale\" content=\"de_DE\" \/>\n<meta property=\"og:type\" content=\"article\" \/>\n<meta property=\"og:title\" content=\"wer wir sind - Concierge Dolomites\" \/>\n<meta property=\"og:description\" content=\"LUXURY VEHICLESPRIVATE DRIVERCUSTOM TOURSConcierge Dolomites bietet einen professionellen und privaten Chauffeurservice. Unsere Chauffeure sind hoch qualifiziert, zuverl\u00e4ssig, erfahren und kennen sehr gut die Gegend und die wichtigsten Touristenziele in Italien.Wir haben 12 Jahre in den folgenden Bereichen Erfahrung: Betreuung von Touristen, Empfang in Hotels, Welcome Meetings, Aush\u00e4ndigung von Fahrr\u00e4dern, technische Assistenz f\u00fcr Tour Operators.\u00a0Seit 2010 k\u00fcmmern wir uns auch um ...\" \/>\n<meta property=\"og:url\" content=\"https:\/\/www.conciergedolomites.com\/de\/wer-wir-sind\/\" \/>\n<meta property=\"og:site_name\" content=\"Concierge Dolomites\" \/>\n<meta property=\"article:publisher\" content=\"https:\/\/www.facebook.com\/conciergedolomites\/\" \/>\n<meta property=\"article:modified_time\" content=\"2018-12-12T19:21:53+00:00\" \/>\n<meta name=\"twitter:card\" content=\"summary_large_image\" \/>\n<meta name=\"twitter:label1\" content=\"Gesch\u00e4tzte Lesezeit\" \/>\n\t<meta name=\"twitter:data1\" content=\"1\u00a0Minute\" \/>\n<script type=\"application\/ld+json\" class=\"yoast-schema-graph\">{\"@context\":\"https:\/\/schema.org\",\"@graph\":[{\"@type\":\"WebPage\",\"@id\":\"https:\/\/www.conciergedolomites.com\/de\/wer-wir-sind\/\",\"url\":\"https:\/\/www.conciergedolomites.com\/de\/wer-wir-sind\/\",\"name\":\"wer wir sind - Concierge Dolomites\",\"isPartOf\":{\"@id\":\"https:\/\/www.conciergedolomites.com\/#website\"},\"datePublished\":\"2018-07-09T12:56:59+00:00\",\"dateModified\":\"2018-12-12T19:21:53+00:00\",\"breadcrumb\":{\"@id\":\"https:\/\/www.conciergedolomites.com\/de\/wer-wir-sind\/#breadcrumb\"},\"inLanguage\":\"de\",\"potentialAction\":[{\"@type\":\"ReadAction\",\"target\":[\"https:\/\/www.conciergedolomites.com\/de\/wer-wir-sind\/\"]}]},{\"@type\":\"BreadcrumbList\",\"@id\":\"https:\/\/www.conciergedolomites.com\/de\/wer-wir-sind\/#breadcrumb\",\"itemListElement\":[{\"@type\":\"ListItem\",\"position\":1,\"name\":\"Home\",\"item\":\"https:\/\/www.conciergedolomites.com\/de\/\"},{\"@type\":\"ListItem\",\"position\":2,\"name\":\"wer wir sind\"}]},{\"@type\":\"WebSite\",\"@id\":\"https:\/\/www.conciergedolomites.com\/#website\",\"url\":\"https:\/\/www.conciergedolomites.com\/\",\"name\":\"Concierge Dolomites\",\"description\":\"Noleggio con conducente e Tours delle Dolomiti\",\"potentialAction\":[{\"@type\":\"SearchAction\",\"target\":{\"@type\":\"EntryPoint\",\"urlTemplate\":\"https:\/\/www.conciergedolomites.com\/?s={search_term_string}\"},\"query-input\":\"required name=search_term_string\"}],\"inLanguage\":\"de\"}]}<\/script>\n<!-- \/ Yoast SEO plugin. -->","yoast_head_json":{"title":"wer wir sind - Concierge Dolomites","robots":{"index":"index","follow":"follow","max-snippet":"max-snippet:-1","max-image-preview":"max-image-preview:large","max-video-preview":"max-video-preview:-1"},"canonical":"https:\/\/www.conciergedolomites.com\/de\/wer-wir-sind\/","og_locale":"de_DE","og_type":"article","og_title":"wer wir sind - Concierge Dolomites","og_description":"LUXURY VEHICLESPRIVATE DRIVERCUSTOM TOURSConcierge Dolomites bietet einen professionellen und privaten Chauffeurservice. Unsere Chauffeure sind hoch qualifiziert, zuverl\u00e4ssig, erfahren und kennen sehr gut die Gegend und die wichtigsten Touristenziele in Italien.Wir haben 12 Jahre in den folgenden Bereichen Erfahrung: Betreuung von Touristen, Empfang in Hotels, Welcome Meetings, Aush\u00e4ndigung von Fahrr\u00e4dern, technische Assistenz f\u00fcr Tour Operators.\u00a0Seit 2010 k\u00fcmmern wir uns auch um ...","og_url":"https:\/\/www.conciergedolomites.com\/de\/wer-wir-sind\/","og_site_name":"Concierge Dolomites","article_publisher":"https:\/\/www.facebook.com\/conciergedolomites\/","article_modified_time":"2018-12-12T19:21:53+00:00","twitter_card":"summary_large_image","twitter_misc":{"Gesch\u00e4tzte Lesezeit":"1\u00a0Minute"},"schema":{"@context":"https:\/\/schema.org","@graph":[{"@type":"WebPage","@id":"https:\/\/www.conciergedolomites.com\/de\/wer-wir-sind\/","url":"https:\/\/www.conciergedolomites.com\/de\/wer-wir-sind\/","name":"wer wir sind - Concierge Dolomites","isPartOf":{"@id":"https:\/\/www.conciergedolomites.com\/#website"},"datePublished":"2018-07-09T12:56:59+00:00","dateModified":"2018-12-12T19:21:53+00:00","breadcrumb":{"@id":"https:\/\/www.conciergedolomites.com\/de\/wer-wir-sind\/#breadcrumb"},"inLanguage":"de","potentialAction":[{"@type":"ReadAction","target":["https:\/\/www.conciergedolomites.com\/de\/wer-wir-sind\/"]}]},{"@type":"BreadcrumbList","@id":"https:\/\/www.conciergedolomites.com\/de\/wer-wir-sind\/#breadcrumb","itemListElement":[{"@type":"ListItem","position":1,"name":"Home","item":"https:\/\/www.conciergedolomites.com\/de\/"},{"@type":"ListItem","position":2,"name":"wer wir sind"}]},{"@type":"WebSite","@id":"https:\/\/www.conciergedolomites.com\/#website","url":"https:\/\/www.conciergedolomites.com\/","name":"Concierge Dolomites","description":"Noleggio con conducente e Tours delle Dolomiti","potentialAction":[{"@type":"SearchAction","target":{"@type":"EntryPoint","urlTemplate":"https:\/\/www.conciergedolomites.com\/?s={search_term_string}"},"query-input":"required name=search_term_string"}],"inLanguage":"de"}]}},"_links":{"self":[{"href":"https:\/\/www.conciergedolomites.com\/de\/wp-json\/wp\/v2\/pages\/371"}],"collection":[{"href":"https:\/\/www.conciergedolomites.com\/de\/wp-json\/wp\/v2\/pages"}],"about":[{"href":"https:\/\/www.conciergedolomites.com\/de\/wp-json\/wp\/v2\/types\/page"}],"author":[{"embeddable":true,"href":"https:\/\/www.conciergedolomites.com\/de\/wp-json\/wp\/v2\/users\/1"}],"replies":[{"embeddable":true,"href":"https:\/\/www.conciergedolomites.com\/de\/wp-json\/wp\/v2\/comments?post=371"}],"version-history":[{"count":3,"href":"https:\/\/www.conciergedolomites.com\/de\/wp-json\/wp\/v2\/pages\/371\/revisions"}],"predecessor-version":[{"id":476,"href":"https:\/\/www.conciergedolomites.com\/de\/wp-json\/wp\/v2\/pages\/371\/revisions\/476"}],"wp:attachment":[{"href":"https:\/\/www.conciergedolomites.com\/de\/wp-json\/wp\/v2\/media?parent=371"}],"curies":[{"name":"wp","href":"https:\/\/api.w.org\/{rel}","templated":true}]}}